{"id":96,"date":"2023-01-10T19:34:01","date_gmt":"2023-01-10T19:34:01","guid":{"rendered":"https:\/\/rcvillalbes.es\/tienda\/?post_type=product&#038;p=96"},"modified":"2023-01-26T16:02:15","modified_gmt":"2023-01-26T16:02:15","slug":"banderin","status":"publish","type":"product","link":"https:\/\/rcvillalbes.es\/tienda\/producto\/banderin\/","title":{"rendered":"Bander\u00edn"},"content":{"rendered":"","protected":false},"excerpt":{"rendered":"<p>Este espectacular bander\u00edn del equipo Racing Club Villalbes es perfecto para mostrar tu apoyo a tu equipo favorito. Este bander\u00edn est\u00e1 hecho con materiales de<strong> alta calidad<\/strong>, con sus colores principales de rojo y verde y su escudo, este bander\u00edn es una excelente adici\u00f3n a cualquier colecci\u00f3n de aficionado al f\u00fatbol. El dise\u00f1o cuenta con un cord\u00f3n para <strong>colgarlo f\u00e1cilmente en cualquier lugar<\/strong>, y unos flecos que le dan un toque de movimiento y emoci\u00f3n. Este bander\u00edn es el complemento perfecto para cualquier evento de f\u00fatbol, ya sea en el estadio o en casa. \u00a1Demuestra tu apoyo a Racing Club Villalbes con este impresionante bander\u00edn!<\/p>\n<p><strong> \u00a1No esperes m\u00e1s y consigue el tuyo ya!<\/strong><\/p>\n","protected":false},"featured_media":344,"template":"","meta":[],"product_brand":[],"product_cat":[15],"product_tag":[],"class_list":{"0":"post-96","1":"product","2":"type-product","3":"status-publish","4":"has-post-thumbnail","6":"product_cat-accesorios","8":"first","9":"instock","10":"taxable","11":"shipping-taxable","12":"purchasable","13":"product-type-simple"},"_links":{"self":[{"href":"https:\/\/rcvillalbes.es\/tienda\/wp-json\/wp\/v2\/product\/96","targetHints":{"allow":["GET"]}}],"collection":[{"href":"https:\/\/rcvillalbes.es\/tienda\/wp-json\/wp\/v2\/product"}],"about":[{"href":"https:\/\/rcvillalbes.es\/tienda\/wp-json\/wp\/v2\/types\/product"}],"wp:featuredmedia":[{"embeddable":true,"href":"https:\/\/rcvillalbes.es\/tienda\/wp-json\/wp\/v2\/media\/344"}],"wp:attachment":[{"href":"https:\/\/rcvillalbes.es\/tienda\/wp-json\/wp\/v2\/media?parent=96"}],"wp:term":[{"taxonomy":"product_brand","embeddable":true,"href":"https:\/\/rcvillalbes.es\/tienda\/wp-json\/wp\/v2\/product_brand?post=96"},{"taxonomy":"product_cat","embeddable":true,"href":"https:\/\/rcvillalbes.es\/tienda\/wp-json\/wp\/v2\/product_cat?post=96"},{"taxonomy":"product_tag","embeddable":true,"href":"https:\/\/rcvillalbes.es\/tienda\/wp-json\/wp\/v2\/product_tag?post=96"}],"curies":[{"name":"wp","href":"https:\/\/api.w.org\/{rel}","templated":true}]}}