{"id":898,"date":"2023-08-24T19:14:36","date_gmt":"2023-08-24T19:14:36","guid":{"rendered":"https:\/\/rcvillalbes.es\/tienda\/?post_type=product&#038;p=898"},"modified":"2023-11-04T13:05:57","modified_gmt":"2023-11-04T13:05:57","slug":"carnet-de-socio","status":"publish","type":"product","link":"https:\/\/rcvillalbes.es\/tienda\/producto\/carnet-de-socio\/","title":{"rendered":"Carnet de Socio"},"content":{"rendered":"<p>Carnet de Socio del Racing Club Villalb\u00e9s.<\/p>\n<p>Tipos de socios:<\/p>\n<ul>\n<li>Infantil, entre 0 y 11 a\u00f1os &#8211; 10\u20ac<\/li>\n<li>Juvenil, entre 12 y 22 a\u00f1os &#8211; 30\u20ac<\/li>\n<li>Senior, entre 23 y 33 a\u00f1os &#8211; 55\u20ac<\/li>\n<li>Socio, de 33 a\u00f1os en adelante &#8211; 110\u20ac<\/li>\n<li>Socio Protector &#8211; 140\u20ac<\/li>\n<li>Socio Premium &#8211; 170\u20ac<\/li>\n<li>Bono Familiar 50% de decuento<\/li>\n<\/ul>\n<p>*Si quieres solicitar m\u00e1s de 1 carnet en el mismo pedido, primero debes a\u00f1adir uno a la cesta rellenando este formulario y volver ha realizar el tr\u00e1mite para los siguientes carnets.<\/p>\n<p><em><strong>Por cada socio nuevo que traigas te hacemos un 10% de descuento en tu carnet<\/strong><\/em><\/p>\n","protected":false},"excerpt":{"rendered":"<p>Carnet de Socio del Racing Club Villalb\u00e9s.<\/p>\n<p>Tipos de socios:<\/p>\n<ul>\n<li>Infantil, entre 0 y 11 a\u00f1os &#8211; 10\u20ac<\/li>\n<li>Juvenil, entre 12 y 22 a\u00f1os &#8211; 30\u20ac<\/li>\n<li>Senior, entre 23 y 33 a\u00f1os &#8211; 55\u20ac<\/li>\n<li>Socio, de 33 a\u00f1os en adelante &#8211; 110\u20ac<\/li>\n<li>Socio Protector &#8211; 140\u20ac<\/li>\n<li>Socio Premium &#8211; 170\u20ac<\/li>\n<li>Bono Familiar 50% de decuento<\/li>\n<\/ul>\n<p>Si quieres solicitar m\u00e1s de 1 carnet en el mismo pedido, primero debes a\u00f1adir uno a la cesta rellenando este formulario y volver ha realizar el tr\u00e1mite para los siguientes carnets.<\/p>\n<p><em><strong>Por cada socio nuevo que traigas te hacemos un 10% de descuento en tu carnet<\/strong><\/em><\/p>\n","protected":false},"featured_media":951,"template":"","meta":[],"product_brand":[],"product_cat":[15],"product_tag":[],"class_list":{"0":"post-898","1":"product","2":"type-product","3":"status-publish","4":"has-post-thumbnail","6":"product_cat-accesorios","7":"wcpa_has_options","9":"first","10":"instock","11":"taxable","12":"shipping-taxable","13":"purchasable","14":"product-type-variable"},"_links":{"self":[{"href":"https:\/\/rcvillalbes.es\/tienda\/wp-json\/wp\/v2\/product\/898","targetHints":{"allow":["GET"]}}],"collection":[{"href":"https:\/\/rcvillalbes.es\/tienda\/wp-json\/wp\/v2\/product"}],"about":[{"href":"https:\/\/rcvillalbes.es\/tienda\/wp-json\/wp\/v2\/types\/product"}],"wp:featuredmedia":[{"embeddable":true,"href":"https:\/\/rcvillalbes.es\/tienda\/wp-json\/wp\/v2\/media\/951"}],"wp:attachment":[{"href":"https:\/\/rcvillalbes.es\/tienda\/wp-json\/wp\/v2\/media?parent=898"}],"wp:term":[{"taxonomy":"product_brand","embeddable":true,"href":"https:\/\/rcvillalbes.es\/tienda\/wp-json\/wp\/v2\/product_brand?post=898"},{"taxonomy":"product_cat","embeddable":true,"href":"https:\/\/rcvillalbes.es\/tienda\/wp-json\/wp\/v2\/product_cat?post=898"},{"taxonomy":"product_tag","embeddable":true,"href":"https:\/\/rcvillalbes.es\/tienda\/wp-json\/wp\/v2\/product_tag?post=898"}],"curies":[{"name":"wp","href":"https:\/\/api.w.org\/{rel}","templated":true}]}}